{"id":1137,"date":"2013-11-12T14:46:37","date_gmt":"2013-11-12T19:46:37","guid":{"rendered":"http:\/\/www.pnlfinance.com\/blog\/?page_id=1137"},"modified":"2013-11-12T15:37:23","modified_gmt":"2013-11-12T20:37:23","slug":"finanzas-corporativas-y-modelaje-financiero","status":"publish","type":"page","link":"https:\/\/www.pnlfinance.com\/blog\/finanzas-corporativas-y-modelaje-financiero\/","title":{"rendered":"Finanzas Corporativas y Modelaje Financiero"},"content":{"rendered":"<p>En esta pagina encontraras todos los recursos sobre finanzas corporativas y modelaje financiero<\/p>\n<!-- NOTE: If you need to make changes to this file, copy it to your current theme's main\n\tdirectory so your changes won't be overwritten when the plugin is upgraded. -->\n\n<!-- Start of Post Wrap -->\n<div class=\"post hentry ivycat-post\">\n\t<!-- This is the output of the post TITLE -->\n\t<h2 class=\"entry-title\"><a href=\"https:\/\/www.pnlfinance.com\/blog\/2016\/05\/27\/cual-es-la-mejor-carrera-para-trabajar-en-banca-de-inversion\/\">Cu\u00e1l es la mejor carrera para trabajar en banca de inversi\u00f3n<\/a><\/h2>\n\n\t<!-- This is the output of the EXCERPT -->\n\t<div class=\"entry-summary\">\n\t\t<p>Esta semana me contact\u00f3 una persona que se va a estar graduando del colegio pronto y est\u00e1 en proceso de decidir que carrera universitaria estudiar. A esta persona le gustan las finanzas y quer\u00eda que lo aconsejara sobre la mejor <a class=\"more-link\" href=\"https:\/\/www.pnlfinance.com\/blog\/2016\/05\/27\/cual-es-la-mejor-carrera-para-trabajar-en-banca-de-inversion\/\">Seguir leyendo  <span class=\"screen-reader-text\">  Cu\u00e1l es la mejor carrera para trabajar en banca de inversi\u00f3n<\/span><span class=\"meta-nav\">&rarr;<\/span><\/a><\/p>\n\t<\/div>\n\n\t<!-- This is the output of the META information -->\n\t<div class=\"entry-utility\">\n\t\t\t\t\t<span class=\"cat-links\">\n\t\t\t\t<span class=\"entry-utility-prep entry-utility-prep-cat-links\">Publicado en<\/span> <a href=\"https:\/\/www.pnlfinance.com\/blog\/category\/finanzas-corporativas\/\" rel=\"category tag\">Finanzas Corporativas<\/a>, <a href=\"https:\/\/www.pnlfinance.com\/blog\/category\/finanzas-personales\/\" rel=\"category tag\">Finanzas Personales<\/a>\t\t\t<\/span>\n\t\t\t<span class=\"meta-sep\">|<\/span>\n\t\t\t\t\t\t\t<span class=\"tag-links\">\n\t\t\t\t<span class=\"entry-utility-prep entry-utility-prep-tag-links\">Etiquetado<\/span> <a href=\"https:\/\/www.pnlfinance.com\/blog\/tag\/banca\/\" rel=\"tag\">Banca<\/a>, <a href=\"https:\/\/www.pnlfinance.com\/blog\/tag\/banca-de-inversion\/\" rel=\"tag\">Banca de Inversion<\/a>, <a href=\"https:\/\/www.pnlfinance.com\/blog\/tag\/finanzas\/\" rel=\"tag\">Finanzas<\/a>, <a href=\"https:\/\/www.pnlfinance.com\/blog\/tag\/finanzas-corporativas\/\" rel=\"tag\">Finanzas Corporativas<\/a>, <a href=\"https:\/\/www.pnlfinance.com\/blog\/tag\/flujo-de-caja-descontado\/\" rel=\"tag\">Flujo de Caja Descontado<\/a>, <a href=\"https:\/\/www.pnlfinance.com\/blog\/tag\/mejores-carreras-para-banca-de-inversion\/\" rel=\"tag\">Mejores carreras para banca de inversion<\/a>, <a href=\"https:\/\/www.pnlfinance.com\/blog\/tag\/modelos-financieros\/\" rel=\"tag\">modelos financieros<\/a>, <a href=\"https:\/\/www.pnlfinance.com\/blog\/tag\/que-estudiar\/\" rel=\"tag\">Que Estudiar<\/a>, <a href=\"https:\/\/www.pnlfinance.com\/blog\/tag\/valoracion\/\" rel=\"tag\">Valoracion<\/a>, <a href=\"https:\/\/www.pnlfinance.com\/blog\/tag\/valoracion-de-empresas\/\" rel=\"tag\">Valoraci\u00f3n de Empresas<\/a>, <a href=\"https:\/\/www.pnlfinance.com\/blog\/tag\/valoracion-de-firmas\/\" rel=\"tag\">Valoraci\u00f3n de Firmas<\/a>\t\t\t<\/span>\n\t\t\t<span class=\"meta-sep\">|<\/span>\n\t\t\t\t<span class=\"comments-link\"><a href=\"https:\/\/www.pnlfinance.com\/blog\/2016\/05\/27\/cual-es-la-mejor-carrera-para-trabajar-en-banca-de-inversion\/#comments\">2 comentarios<\/a><\/span>\n\t\t\t<\/div>\n<\/div>\n<!-- \/\/ End of Post Wrap -->\n<!-- NOTE: If you need to make changes to this file, copy it to your current theme's main\n\tdirectory so your changes won't be overwritten when the plugin is upgraded. -->\n\n<!-- Start of Post Wrap -->\n<div class=\"post hentry ivycat-post\">\n\t<!-- This is the output of the post TITLE -->\n\t<h2 class=\"entry-title\"><a href=\"https:\/\/www.pnlfinance.com\/blog\/2016\/02\/17\/peppa-en-como-se-valora-una-empresa\/\">Peppa en: C\u00f3mo se valora una empresa?<\/a><\/h2>\n\n\t<!-- This is the output of the EXCERPT -->\n\t<div class=\"entry-summary\">\n\t\t<p>Estaba viendo Peppa La Cerdita (o Peppa Pig, dependiendo del pa\u00eds en el que vivas) con mi hijo. Si, este es el tipo de entretenimiento que disfrutamos aquellos que tenemos hijos peque\u00f1os&#8230; Pero bueno, volviendo al tema, en este episodio <a class=\"more-link\" href=\"https:\/\/www.pnlfinance.com\/blog\/2016\/02\/17\/peppa-en-como-se-valora-una-empresa\/\">Seguir leyendo  <span class=\"screen-reader-text\">  Peppa en: C\u00f3mo se valora una empresa?<\/span><span class=\"meta-nav\">&rarr;<\/span><\/a><\/p>\n\t<\/div>\n\n\t<!-- This is the output of the META information -->\n\t<div class=\"entry-utility\">\n\t\t\t\t\t<span class=\"cat-links\">\n\t\t\t\t<span class=\"entry-utility-prep entry-utility-prep-cat-links\">Publicado en<\/span> <a href=\"https:\/\/www.pnlfinance.com\/blog\/category\/finanzas-corporativas\/\" rel=\"category tag\">Finanzas Corporativas<\/a>\t\t\t<\/span>\n\t\t\t<span class=\"meta-sep\">|<\/span>\n\t\t\t\t\t\t\t<span class=\"tag-links\">\n\t\t\t\t<span class=\"entry-utility-prep entry-utility-prep-tag-links\">Etiquetado<\/span> <a href=\"https:\/\/www.pnlfinance.com\/blog\/tag\/empresas-listadas-comparables\/\" rel=\"tag\">Empresas listadas comparables<\/a>, <a href=\"https:\/\/www.pnlfinance.com\/blog\/tag\/finanzas\/\" rel=\"tag\">Finanzas<\/a>, <a href=\"https:\/\/www.pnlfinance.com\/blog\/tag\/finanzas-corporativas\/\" rel=\"tag\">Finanzas Corporativas<\/a>, <a href=\"https:\/\/www.pnlfinance.com\/blog\/tag\/flujo-de-caja-descontado\/\" rel=\"tag\">Flujo de Caja Descontado<\/a>, <a href=\"https:\/\/www.pnlfinance.com\/blog\/tag\/multiplos-de-transacciones-comparables\/\" rel=\"tag\">M\u00faltiplos de transacciones comparables<\/a>, <a href=\"https:\/\/www.pnlfinance.com\/blog\/tag\/valoracion\/\" rel=\"tag\">Valoracion<\/a>, <a href=\"https:\/\/www.pnlfinance.com\/blog\/tag\/valoracion-de-empresas\/\" rel=\"tag\">Valoraci\u00f3n de Empresas<\/a>, <a href=\"https:\/\/www.pnlfinance.com\/blog\/tag\/valoracion-de-firmas\/\" rel=\"tag\">Valoraci\u00f3n de Firmas<\/a>\t\t\t<\/span>\n\t\t\t<span class=\"meta-sep\">|<\/span>\n\t\t\t\t<span class=\"comments-link\"><span>Comentarios desactivados<span class=\"screen-reader-text\"> en Peppa en: C\u00f3mo se valora una empresa?<\/span><\/span><\/span>\n\t\t\t<\/div>\n<\/div>\n<!-- \/\/ End of Post Wrap -->\n<!-- NOTE: If you need to make changes to this file, copy it to your current theme's main\n\tdirectory so your changes won't be overwritten when the plugin is upgraded. -->\n\n<!-- Start of Post Wrap -->\n<div class=\"post hentry ivycat-post\">\n\t<!-- This is the output of the post TITLE -->\n\t<h2 class=\"entry-title\"><a href=\"https:\/\/www.pnlfinance.com\/blog\/2013\/08\/30\/algunos-de-los-mejores-libros-de-finanzas\/\">Algunos de los mejores libros de finanzas<\/a><\/h2>\n\n\t<!-- This is the output of the EXCERPT -->\n\t<div class=\"entry-summary\">\n\t\t<p>Los libros de finanzas o econom\u00eda casi siempre son aburridos. Y no un poco aburridos -como visitar a ciertos parientes o ver un juego de golf por televisi\u00f3n- son MUY aburridos -m\u00e1s parecido a la experiencia de sentarse a ver <a class=\"more-link\" href=\"https:\/\/www.pnlfinance.com\/blog\/2013\/08\/30\/algunos-de-los-mejores-libros-de-finanzas\/\">Seguir leyendo  <span class=\"screen-reader-text\">  Algunos de los mejores libros de finanzas<\/span><span class=\"meta-nav\">&rarr;<\/span><\/a><\/p>\n\t<\/div>\n\n\t<!-- This is the output of the META information -->\n\t<div class=\"entry-utility\">\n\t\t\t\t\t<span class=\"cat-links\">\n\t\t\t\t<span class=\"entry-utility-prep entry-utility-prep-cat-links\">Publicado en<\/span> <a href=\"https:\/\/www.pnlfinance.com\/blog\/category\/finanzas-corporativas\/\" rel=\"category tag\">Finanzas Corporativas<\/a>\t\t\t<\/span>\n\t\t\t<span class=\"meta-sep\">|<\/span>\n\t\t\t\t\t\t\t<span class=\"tag-links\">\n\t\t\t\t<span class=\"entry-utility-prep entry-utility-prep-tag-links\">Etiquetado<\/span> <a href=\"https:\/\/www.pnlfinance.com\/blog\/tag\/finanzas\/\" rel=\"tag\">Finanzas<\/a>, <a href=\"https:\/\/www.pnlfinance.com\/blog\/tag\/finanzas-corporativas\/\" rel=\"tag\">Finanzas Corporativas<\/a>, <a href=\"https:\/\/www.pnlfinance.com\/blog\/tag\/libro-de-finanzas\/\" rel=\"tag\">Libro de Finanzas<\/a>, <a href=\"https:\/\/www.pnlfinance.com\/blog\/tag\/libros-de-finanzas\/\" rel=\"tag\">Libros de Finanzas<\/a>, <a href=\"https:\/\/www.pnlfinance.com\/blog\/tag\/libros-de-negocios\/\" rel=\"tag\">Libros de Negocios<\/a>\t\t\t<\/span>\n\t\t\t<span class=\"meta-sep\">|<\/span>\n\t\t\t\t<span class=\"comments-link\"><a href=\"https:\/\/www.pnlfinance.com\/blog\/2013\/08\/30\/algunos-de-los-mejores-libros-de-finanzas\/#comments\">13 comentarios<\/a><\/span>\n\t\t\t<\/div>\n<\/div>\n<!-- \/\/ End of Post Wrap -->\n<!-- NOTE: If you need to make changes to this file, copy it to your current theme's main\n\tdirectory so your changes won't be overwritten when the plugin is upgraded. -->\n\n<!-- Start of Post Wrap -->\n<div class=\"post hentry ivycat-post\">\n\t<!-- This is the output of the post TITLE -->\n\t<h2 class=\"entry-title\"><a href=\"https:\/\/www.pnlfinance.com\/blog\/2013\/07\/28\/como-buscar-un-gran-sueno-y-volverse-rico-en-el-proceso\/\">Como buscar un gran sue\u00f1o y volverse rico en el proceso<\/a><\/h2>\n\n\t<!-- This is the output of the EXCERPT -->\n\t<div class=\"entry-summary\">\n\t\t<p>En estos d\u00edas estuve leyendo Sonho Grande (Un Gran Sue\u00f1o) de la escritora brasilera Cristiane Correa (ver libro en Amazon). A pesar de su t\u00edtulo (que es m\u00e1s apropiado para los t\u00edpicos libros de negocios que sin duda servir\u00edan para <a class=\"more-link\" href=\"https:\/\/www.pnlfinance.com\/blog\/2013\/07\/28\/como-buscar-un-gran-sueno-y-volverse-rico-en-el-proceso\/\">Seguir leyendo  <span class=\"screen-reader-text\">  Como buscar un gran sue\u00f1o y volverse rico en el proceso<\/span><span class=\"meta-nav\">&rarr;<\/span><\/a><\/p>\n\t<\/div>\n\n\t<!-- This is the output of the META information -->\n\t<div class=\"entry-utility\">\n\t\t\t\t\t<span class=\"cat-links\">\n\t\t\t\t<span class=\"entry-utility-prep entry-utility-prep-cat-links\">Publicado en<\/span> <a href=\"https:\/\/www.pnlfinance.com\/blog\/category\/finanzas-corporativas\/\" rel=\"category tag\">Finanzas Corporativas<\/a>\t\t\t<\/span>\n\t\t\t<span class=\"meta-sep\">|<\/span>\n\t\t\t\t\t\t\t<span class=\"tag-links\">\n\t\t\t\t<span class=\"entry-utility-prep entry-utility-prep-tag-links\">Etiquetado<\/span> <a href=\"https:\/\/www.pnlfinance.com\/blog\/tag\/capital-privado\/\" rel=\"tag\">Capital privado<\/a>, <a href=\"https:\/\/www.pnlfinance.com\/blog\/tag\/compras-apalancadas\/\" rel=\"tag\">Compras apalancadas<\/a>, <a href=\"https:\/\/www.pnlfinance.com\/blog\/tag\/finanzas\/\" rel=\"tag\">Finanzas<\/a>, <a href=\"https:\/\/www.pnlfinance.com\/blog\/tag\/finanzas-corporativas\/\" rel=\"tag\">Finanzas Corporativas<\/a>, <a href=\"https:\/\/www.pnlfinance.com\/blog\/tag\/libro-de-finanzas\/\" rel=\"tag\">Libro de Finanzas<\/a>, <a href=\"https:\/\/www.pnlfinance.com\/blog\/tag\/libros-de-finanzas\/\" rel=\"tag\">Libros de Finanzas<\/a>, <a href=\"https:\/\/www.pnlfinance.com\/blog\/tag\/libros-de-negocios\/\" rel=\"tag\">Libros de Negocios<\/a>\t\t\t<\/span>\n\t\t\t<span class=\"meta-sep\">|<\/span>\n\t\t\t\t<span class=\"comments-link\"><a href=\"https:\/\/www.pnlfinance.com\/blog\/2013\/07\/28\/como-buscar-un-gran-sueno-y-volverse-rico-en-el-proceso\/#comments\">6 comentarios<\/a><\/span>\n\t\t\t<\/div>\n<\/div>\n<!-- \/\/ End of Post Wrap -->\n<!-- NOTE: If you need to make changes to this file, copy it to your current theme's main\n\tdirectory so your changes won't be overwritten when the plugin is upgraded. -->\n\n<!-- Start of Post Wrap -->\n<div class=\"post hentry ivycat-post\">\n\t<!-- This is the output of the post TITLE -->\n\t<h2 class=\"entry-title\"><a href=\"https:\/\/www.pnlfinance.com\/blog\/2013\/06\/25\/mejores-practicas-en-modelaje-financiero-en-excel-4-manejar-correctamente-los-supuestos-del-modelo\/\">Mejores pr\u00e1cticas en modelaje financiero en Excel: #4 Manejar correctamente los supuestos del modelo<\/a><\/h2>\n\n\t<!-- This is the output of the EXCERPT -->\n\t<div class=\"entry-summary\">\n\t\t<p>Siguiendo con nuestra serie de consejos sobre modelos financieros en Excel, hoy vamos a estar hablando del consejo n\u00famero 4: Manejar correctamente los supuestos del modelo. Como recordar\u00e1n, estas mejores pr\u00e1cticas son la base de nuestro Curso de Modelaje Financiero <a class=\"more-link\" href=\"https:\/\/www.pnlfinance.com\/blog\/2013\/06\/25\/mejores-practicas-en-modelaje-financiero-en-excel-4-manejar-correctamente-los-supuestos-del-modelo\/\">Seguir leyendo  <span class=\"screen-reader-text\">  Mejores pr\u00e1cticas en modelaje financiero en Excel: #4 Manejar correctamente los supuestos del modelo<\/span><span class=\"meta-nav\">&rarr;<\/span><\/a><\/p>\n\t<\/div>\n\n\t<!-- This is the output of the META information -->\n\t<div class=\"entry-utility\">\n\t\t\t\t\t<span class=\"cat-links\">\n\t\t\t\t<span class=\"entry-utility-prep entry-utility-prep-cat-links\">Publicado en<\/span> <a href=\"https:\/\/www.pnlfinance.com\/blog\/category\/modelaje-financiero-2\/\" rel=\"category tag\">Modelaje Financiero<\/a>\t\t\t<\/span>\n\t\t\t<span class=\"meta-sep\">|<\/span>\n\t\t\t\t\t\t\t<span class=\"tag-links\">\n\t\t\t\t<span class=\"entry-utility-prep entry-utility-prep-tag-links\">Etiquetado<\/span> <a href=\"https:\/\/www.pnlfinance.com\/blog\/tag\/excel\/\" rel=\"tag\">Excel<\/a>, <a href=\"https:\/\/www.pnlfinance.com\/blog\/tag\/finanzas\/\" rel=\"tag\">Finanzas<\/a>, <a href=\"https:\/\/www.pnlfinance.com\/blog\/tag\/modelaje-financiero\/\" rel=\"tag\">modelaje financiero<\/a>, <a href=\"https:\/\/www.pnlfinance.com\/blog\/tag\/modelo-financiero\/\" rel=\"tag\">Modelo Financiero<\/a>, <a href=\"https:\/\/www.pnlfinance.com\/blog\/tag\/modelos-financieros\/\" rel=\"tag\">modelos financieros<\/a>\t\t\t<\/span>\n\t\t\t<span class=\"meta-sep\">|<\/span>\n\t\t\t\t<span class=\"comments-link\"><span>Comentarios desactivados<span class=\"screen-reader-text\"> en Mejores pr\u00e1cticas en modelaje financiero en Excel: #4 Manejar correctamente los supuestos del modelo<\/span><\/span><\/span>\n\t\t\t<\/div>\n<\/div>\n<!-- \/\/ End of Post Wrap -->\n\n","protected":false},"excerpt":{"rendered":"<p>En esta pagina encontraras todos los recursos sobre finanzas corporativas y modelaje financiero<\/p>\n","protected":false},"author":1,"featured_media":0,"parent":0,"menu_order":0,"comment_status":"open","ping_status":"open","template":"","meta":{"footnotes":""},"class_list":["post-1137","page","type-page","status-publish","hentry"],"_links":{"self":[{"href":"https:\/\/www.pnlfinance.com\/blog\/wp-json\/wp\/v2\/pages\/1137","targetHints":{"allow":["GET"]}}],"collection":[{"href":"https:\/\/www.pnlfinance.com\/blog\/wp-json\/wp\/v2\/pages"}],"about":[{"href":"https:\/\/www.pnlfinance.com\/blog\/wp-json\/wp\/v2\/types\/page"}],"author":[{"embeddable":true,"href":"https:\/\/www.pnlfinance.com\/blog\/wp-json\/wp\/v2\/users\/1"}],"replies":[{"embeddable":true,"href":"https:\/\/www.pnlfinance.com\/blog\/wp-json\/wp\/v2\/comments?post=1137"}],"version-history":[{"count":5,"href":"https:\/\/www.pnlfinance.com\/blog\/wp-json\/wp\/v2\/pages\/1137\/revisions"}],"predecessor-version":[{"id":1142,"href":"https:\/\/www.pnlfinance.com\/blog\/wp-json\/wp\/v2\/pages\/1137\/revisions\/1142"}],"wp:attachment":[{"href":"https:\/\/www.pnlfinance.com\/blog\/wp-json\/wp\/v2\/media?parent=1137"}],"curies":[{"name":"wp","href":"https:\/\/api.w.org\/{rel}","templated":true}]}}