{"id":28,"date":"2011-08-11T17:22:08","date_gmt":"2011-08-11T17:22:08","guid":{"rendered":"http:\/\/www.pnlfinance.com\/blog\/?page_id=28"},"modified":"2013-11-21T12:59:38","modified_gmt":"2013-11-21T17:59:38","slug":"acerca-de","status":"publish","type":"page","link":"https:\/\/www.pnlfinance.com\/blog\/acerca-de\/","title":{"rendered":"Acerca de"},"content":{"rendered":"<p>Hola,<\/p>\n<p>Gracias por visitar nuestro sitio web!<\/p>\n<p>Mi nombre es Leonardo Hern\u00e1ndez. Soy un profesional en finanzas y tengo m\u00e1s de diez a\u00f1os de experiencia trabajando en banca de inversi\u00f3n.<\/p>\n<p>He tenido larga experiencia entrenando analistas en diferentes pa\u00edses en modelaje financiero en procesos de fusiones y adquisiciones, financiamiento con deuda, emisiones de capital, compras apalancadas, privatizaciones y financiamiento de proyectos.<\/p>\n<p>A trav\u00e9s de mi experiencia me he dado cuenta que entender de finanzas y tener la capacidad de hacer un analisis financiero es una habilidad clave tanto para personas que trabajan en finanzas como para quienes se desempe\u00f1an en otras areas.<\/p>\n<p>Mi idea con esta comunidad es no solo compartir lo que he aprendido sobre finanzas y modelaje financiero, sino tambi\u00e9n demostrar que cualquiera puede aprender de finanzas y construir un buen modelo financiero siguiendo algunas reglas b\u00e1sicas.<\/p>\n<p>Te invito a que te unas a nuestra lista de distribuci\u00f3n. Regularmente estar\u00e9 enviando tips o comentarios.<\/p>\n<p>Trabajo en este blog en mi tiempo libre, no recibo o invierto dinero de terceros, no doy consejos de inversi\u00f3n para personas espec\u00edficas y no proveo ningun tipo de servicio de asesoria por este medio. <\/p>\n<p>Espero que encuentres valiosa informaci\u00f3n aqu\u00ed. No dudes en contactarme v\u00eda e-mail a &#108;&#x65;o&#x6e;a&#114;&#x64;o&#x2e;h&#101;&#x72;n&#x61;n&#x64;&#x65;z&#x40;p&#x6e;l&#102;&#x69;n&#x61;n&#99;&#x65;.&#x63;o&#109;<\/p>\n<p>Un abrazo,<br \/>\nLeonardo Hern\u00e1ndez<\/p>\n","protected":false},"excerpt":{"rendered":"<p>Hola, Gracias por visitar nuestro sitio web! Mi nombre es Leonardo Hern\u00e1ndez. Soy un profesional en finanzas y tengo m\u00e1s de diez a\u00f1os de experiencia trabajando en banca de inversi\u00f3n. He tenido larga experiencia entrenando analistas en diferentes pa\u00edses en <a class=\"more-link\" href=\"https:\/\/www.pnlfinance.com\/blog\/acerca-de\/\">Seguir leyendo  <span class=\"screen-reader-text\">  Acerca de<\/span><span class=\"meta-nav\">&rarr;<\/span><\/a><\/p>\n","protected":false},"author":1,"featured_media":0,"parent":0,"menu_order":3,"comment_status":"closed","ping_status":"closed","template":"","meta":{"footnotes":""},"class_list":["post-28","page","type-page","status-publish","hentry"],"_links":{"self":[{"href":"https:\/\/www.pnlfinance.com\/blog\/wp-json\/wp\/v2\/pages\/28","targetHints":{"allow":["GET"]}}],"collection":[{"href":"https:\/\/www.pnlfinance.com\/blog\/wp-json\/wp\/v2\/pages"}],"about":[{"href":"https:\/\/www.pnlfinance.com\/blog\/wp-json\/wp\/v2\/types\/page"}],"author":[{"embeddable":true,"href":"https:\/\/www.pnlfinance.com\/blog\/wp-json\/wp\/v2\/users\/1"}],"replies":[{"embeddable":true,"href":"https:\/\/www.pnlfinance.com\/blog\/wp-json\/wp\/v2\/comments?post=28"}],"version-history":[{"count":25,"href":"https:\/\/www.pnlfinance.com\/blog\/wp-json\/wp\/v2\/pages\/28\/revisions"}],"predecessor-version":[{"id":1171,"href":"https:\/\/www.pnlfinance.com\/blog\/wp-json\/wp\/v2\/pages\/28\/revisions\/1171"}],"wp:attachment":[{"href":"https:\/\/www.pnlfinance.com\/blog\/wp-json\/wp\/v2\/media?parent=28"}],"curies":[{"name":"wp","href":"https:\/\/api.w.org\/{rel}","templated":true}]}}