{"id":30,"date":"2011-08-11T17:22:59","date_gmt":"2011-08-11T17:22:59","guid":{"rendered":"http:\/\/www.pnlfinance.com\/blog\/?page_id=30"},"modified":"2013-11-21T12:46:20","modified_gmt":"2013-11-21T17:46:20","slug":"zona-de-miembros","status":"publish","type":"page","link":"https:\/\/www.pnlfinance.com\/blog\/zona-de-miembros\/","title":{"rendered":"Cursos y Zona de Miembros"},"content":{"rendered":"<h2>Ya estas registrado?<\/h2>\n<p>Si ya estas registrado para alguno de nuestros cursos, accede a la zona de Miembros Registrados haciendo click aqui: <a href=\"http:\/\/www.pnlfinance.com\/blog\/wp-login.php?action=login\" title=\"Registro\">Zona de Miembros Registrados<\/a><br \/>\n<\/p>\n<h2>Toma Control de tus Finanzas y Gana Dinero Mientras Duermes<\/h2>\n<p>En PnL Finance estamos desarrollando el curso de finanzas personales: <strong>Toma Control de tus Finanzas y Gana Dinero Mientras Duermes<\/strong>. Si quieres ser uno de los primeros en inscribirte (sin ning\u00fan compromiso) para recibir la informaci\u00f3n del curso y recibir un descuento: <a href=\"http:\/\/www.pnlfinance.com\/blog\/dineromientrasduermes\/\">Haz click aqu\u00ed <\/a><\/p>\n<h2>Curso de Modelaje Financiero Aplicado<\/h2>\n<p><strong>Saber mas sobre el curso de Modelaje Financiero Aplicado<\/strong><br \/>\nSi quieres ver que vas a aprender en el curso, cual es la metodologia que seguimos, cuanto tiempo toma, y responder todas las preguntas que tengas, haz click aqui: <a href=\"http:\/\/www.pnlfinance.com\/blog\/modelaje-financiero-aplicado\/\">Modelaje Financiero Aplicado<\/a><br \/>\n<\/p>\n<p style=\"margin-bottom: 10px;\">\n<strong>Registrarte para el curso de Modelaje Financiero Aplicado<\/strong><br \/>\nEl curso tiene un costo de US$248 d\u00f3lares, sin embargo, est\u00e1 siendo ofrecido por <strong>US$198 d\u00f3lares<\/strong> en promoci\u00f3n introductoria <strong>(20% de descuento)<\/strong> por tiempo limitado. Simplemente haz click en el bot\u00f3n de abajo y podr\u00e1s usar de manera r\u00e1pida y totalmente segura tu tarjeta de cr\u00e9dito o d\u00e9bito para pagar por medio de PayPal.\n<\/p>\n<table id=\"ordenar\" border=\"1\" cellspacing=\"0\" cellpadding=\"0\" style= \"margin-bottom: 30px !important;\">\n<tbody>\n<tr>\n<td style=\"width: 100%; font-size:15px; color: #1f497d;\"><strong>Haz click en el bot\u00f3n para ordenar ahora el Curso de Modelaje Financiero Pr\u00e1ctico de PnL Finance por US$198.00<\/strong><br \/>\n<img decoding=\"async\" src=\"http:\/\/www.pnlfinance.com\/blog\/Pics\/payment-logos.png\" alt=\"logos de pago\" width=\"180\" height\"22\" style=\"padding: 0px 0px 0px 0px;\"><br \/>\n<form action=\"https:\/\/www.paypal.com\/cgi-bin\/webscr\" method=\"post\">\n <input type=\"hidden\" name=\"business\" value=\"&#x6c;&#101;on&#x61;&#x72;do&#x2e;&#x68;&#101;rn&#x61;&#110;de&#x7a;&#x40;&#112;n&#x6c;&#x66;&#105;na&#x6e;&#x63;e.&#x63;&#x6f;&#109;\" \/>\n <input type=\"hidden\" name=\"cmd\" value=\"_xclick\" \/>\n <!-- Instant Payment Notification & Return Page Details -->\n <input type=\"hidden\" name=\"notify_url\" value=\"https:\/\/www.pnlfinance.com\/blog\/?s2member_paypal_notify=1\" \/>\n <input type=\"hidden\" name=\"cancel_return\" value=\"https:\/\/www.pnlfinance.com\/blog\/\" \/>\n <input type=\"hidden\" name=\"return\" value=\"https:\/\/www.pnlfinance.com\/blog\/?s2member_paypal_return=1&amp;s2member_paypal_return_tra=ZGVmNTAyMDAxN2JhMjU0YmViYmJkMzliZjM5MDgxMTZjODYxN2UxMGIxOWNmZTIxNDFmZWJiNDFlMzc2NmQ3MDRjOGQ0ZDgyYWY0Y2MwOTg2NGNkMzkxYzFmZTY3NGVkYWY5ZWY1NTEwZjQwMmVhNDAwMWQzYWU3NTJiZjMwNzUxN2QyMTJiMzg5ODQ5Y2E0YTJjZTdmMTZiYzMzNzMyNGU0Mzg5NjJjMGVkM2I1MjhjZDczODE1OTNlNzNkNGNkNzZlMzIyNDVhZDkzYTM3OWMxMGI5YmI0YTRmYzZiMGY1OTQ1ZGQ1NDg2MjE1YjkzN2UwYmZiNzA2Mzc1MzJjNDJiNWVlYTBlYzUyMDZiYWMwZjcwN2E5MGE5ODAxYmNkMGNlY2QyZjExYmQ0ZmRmOGMxYTIwYWY3N2IyZjJjMGI4ZDNkNmJjYjliMTE0Y2VmOTdkNGVhY2MzN2UyYzQxMWYyOWEzODcyOTk4ZTk3ODhjYWMyY2ZlMjBlYjRiMmVmZjFlYjNhZmM3NGZlNWYxOWEzMGIxODhhMmRmY2VkZWQ3YzdjN2EwZmE2OWViOGIzN2VkN2VmZjhiNzI2ODBiOTc4NDQ2MDllOTM0NjkzNTFkMzQ2MGZlODNkM2MzMGY2NGZhMGNhOGQ5NWMzODg1MzY4NjhkMjUyMTM3ZjZiMDQzODRhMmQ3YjA4MmY0ZjQ1MDliMmNhYTc3YWQzZTlmYjgwODY0NzEyMzg0Yzg2OTIyMTc5ZWU3M2I5NzQyZjRiZjdlZWJkYWQ4ZTVkOGRjYzQ0MTQ0NzBkMjQ2YzY2MjU2OWUwZDQ5NDViOWFhYzlkODgyNDFkOTI1ZjBjYjMwZGJiZTM4ZGY5NjMwNDBkZWM2MmQwNWZkOWI5ZTkwNmIxNDg0MDRlNzVjY2ExNmU3Zjc2YThjYmZmNmQ3OWM3ZTRiYTM1\" \/>\n <input type=\"hidden\" name=\"rm\" value=\"2\" \/>\n <!-- Configures Basic Checkout Fields -->\n <input type=\"hidden\" name=\"lc\" value=\"ES\" \/>\n <input type=\"hidden\" name=\"no_shipping\" value=\"1\" \/>\n <input type=\"hidden\" name=\"no_note\" value=\"1\" \/>\n <input type=\"hidden\" name=\"custom\" value=\"www.pnlfinance.com\" \/>\n <input type=\"hidden\" name=\"currency_code\" value=\"USD\" \/>\n <input type=\"hidden\" name=\"page_style\" value=\"PnLPaypal\" \/>\n <input type=\"hidden\" name=\"charset\" value=\"utf-8\" \/>\n <input type=\"hidden\" name=\"item_name\" value=\"Curso de Modelaje Financiero\" \/>\n <input type=\"hidden\" name=\"item_number\" value=\"1::1 Y\" \/>\n <!-- Configures s2Member's Unique Invoice ID\/Code  -->\n <input type=\"hidden\" name=\"invoice\" value=\"69ea145d9656f~216.73.216.6\" \/>\n <!-- Identifies\/Updates An Existing User\/Member (when\/if applicable)  -->\n <input type=\"hidden\" name=\"on0\" value=\"Originating Domain\" \/>\n <input type=\"hidden\" name=\"os0\" value=\"www.pnlfinance.com\" \/>\n <!-- Identifies The Customer's IP Address For Tracking -->\n <input type=\"hidden\" name=\"on1\" value=\"Customer IP Address\" \/>\n <input type=\"hidden\" name=\"os1\" value=\"216.73.216.6\" \/>\n <!-- Controls Modify Behavior At PayPal Checkout -->\n <input type=\"hidden\" name=\"modify\" value=\"0\" \/>\n <!-- Customizes Prices, Payments & Billing Cycle -->\n <input type=\"hidden\" name=\"amount\" value=\"198.00\" \/>\n <!--<input type=\"hidden\" name=\"src\" value=\"BN\" \/>-->\n <!--<input type=\"hidden\" name=\"srt\" value=\"\" \/>-->\n <!--<input type=\"hidden\" name=\"sra\" value=\"1\" \/>-->\n <!--<input type=\"hidden\" name=\"a1\" value=\"0\" \/>-->\n <!--<input type=\"hidden\" name=\"p1\" value=\"0\" \/>-->\n <!--<input type=\"hidden\" name=\"t1\" value=\"D\" \/>-->\n <!--<input type=\"hidden\" name=\"a3\" value=\"198.00\" \/>-->\n <!--<input type=\"hidden\" name=\"p3\" value=\"1\" \/>-->\n <!--<input type=\"hidden\" name=\"t3\" value=\"Y\" \/>-->\n <!-- Displays The PayPal Image Button -->\n <input type=\"image\" src=\"https:\/\/www.paypal.com\/en_US\/i\/btn\/btn_xpressCheckout.gif\" style=\"width:auto; height:auto; border:0;\" alt=\"PayPal\" \/>\n<\/form>\n<\/td>\n<\/tr>\n<\/tbody>\n<\/table>\n<h2>Curso de Excel Para Profesionales no Financieros<\/h2>\n<p><strong>Saber mas sobre Excel Para Profesionales no Financieros<\/strong><br \/>\nEste curso est\u00e1 en construcci\u00f3n<br \/>\nSi quieres saber sobre este curso, envianos un email a l&#x65;o&#110;&#x61;r&#100;&#x6f;.&#x68;&#x65;r&#x6e;a&#110;&#x64;e&#122;&#x40;p&#x6e;&#x6c;f&#x69;&#x6e;a&#x6e;c&#101;&#x2e;c&#111;&#x6d;<\/p>\n<p><\/p>\n<h2>Curso de Modelaje Financiero Avanzado<\/h2>\n<p><strong>Saber mas sobre el curso de Modelaje Financiero Avanzado<\/strong><br \/>\nEste curso est\u00e1 en construcci\u00f3n<br \/>\nSi quieres saber sobre este curso, envianos un email a &#108;e&#x6f;n&#x61;r&#x64;o&#x2e;h&#x65;r&#x6e;&#97;&#x6e;&#100;e&#122;&#64;&#x70;n&#x6c;f&#x69;n&#x61;n&#x63;e&#x2e;&#99;&#x6f;&#109;<\/p>\n","protected":false},"excerpt":{"rendered":"<p>Ya estas registrado? Si ya estas registrado para alguno de nuestros cursos, accede a la zona de Miembros Registrados haciendo click aqui: Zona de Miembros Registrados Toma Control de tus Finanzas y Gana Dinero Mientras Duermes En PnL Finance estamos <a class=\"more-link\" href=\"https:\/\/www.pnlfinance.com\/blog\/zona-de-miembros\/\">Seguir leyendo  <span class=\"screen-reader-text\">  Cursos y Zona de Miembros<\/span><span class=\"meta-nav\">&rarr;<\/span><\/a><\/p>\n","protected":false},"author":1,"featured_media":0,"parent":0,"menu_order":1,"comment_status":"closed","ping_status":"closed","template":"","meta":{"footnotes":""},"class_list":["post-30","page","type-page","status-publish","hentry"],"_links":{"self":[{"href":"https:\/\/www.pnlfinance.com\/blog\/wp-json\/wp\/v2\/pages\/30","targetHints":{"allow":["GET"]}}],"collection":[{"href":"https:\/\/www.pnlfinance.com\/blog\/wp-json\/wp\/v2\/pages"}],"about":[{"href":"https:\/\/www.pnlfinance.com\/blog\/wp-json\/wp\/v2\/types\/page"}],"author":[{"embeddable":true,"href":"https:\/\/www.pnlfinance.com\/blog\/wp-json\/wp\/v2\/users\/1"}],"replies":[{"embeddable":true,"href":"https:\/\/www.pnlfinance.com\/blog\/wp-json\/wp\/v2\/comments?post=30"}],"version-history":[{"count":59,"href":"https:\/\/www.pnlfinance.com\/blog\/wp-json\/wp\/v2\/pages\/30\/revisions"}],"predecessor-version":[{"id":1169,"href":"https:\/\/www.pnlfinance.com\/blog\/wp-json\/wp\/v2\/pages\/30\/revisions\/1169"}],"wp:attachment":[{"href":"https:\/\/www.pnlfinance.com\/blog\/wp-json\/wp\/v2\/media?parent=30"}],"curies":[{"name":"wp","href":"https:\/\/api.w.org\/{rel}","templated":true}]}}